{"id":28,"date":"2023-09-09T21:55:20","date_gmt":"2023-09-09T19:55:20","guid":{"rendered":"https:\/\/www.blu-avitec.de\/?page_id=28"},"modified":"2026-01-06T12:09:56","modified_gmt":"2026-01-06T11:09:56","slug":"start","status":"publish","type":"page","link":"https:\/\/www.blu-avitec.de\/","title":{"rendered":"Start"},"content":{"rendered":"\n<div class=\"wp-block-uagb-container uagb-block-750b9ece alignfull uagb-is-root-container\">\n<div class=\"wp-block-cover is-light has-parallax has-medium-font-size\" style=\"margin-top:0;margin-bottom:0;padding-top:0;padding-right:0;padding-bottom:0;padding-left:0;min-height:100vh;aspect-ratio:unset;\"><div class=\"wp-block-cover__image-background wp-image-46 has-parallax\" style=\"background-position:50% 50%;background-image:url(https:\/\/www.blu-avitec.de\/wp-content\/uploads\/2023\/09\/Wolken1_kl-1024x768.jpg)\"><\/div><span aria-hidden=\"true\" class=\"wp-block-cover__background has-background-dim-30 has-background-dim\"><\/span><div class=\"wp-block-cover__inner-container is-layout-constrained wp-container-core-cover-is-layout-214312a3 wp-block-cover-is-layout-constrained\">\n<h2 class=\"wp-block-heading has-white-color has-text-color has-link-color wp-elements-6876f761490651413e2e4b5d0d99eeaf\" style=\"padding-top:0;padding-right:var(--wp--preset--spacing--40);padding-bottom:0;padding-left:var(--wp--preset--spacing--40)\">Willkommen bei der Blu-AviTec<\/h2>\n\n\n\n<h2 class=\"wp-block-heading has-white-color has-text-color has-link-color has-medium-font-size wp-elements-cca212a899ee156e2a3b5326e8a28146\" style=\"padding-right:var(--wp--preset--spacing--40);padding-left:var(--wp--preset--spacing--40)\">Luftfahrt- und Ingenieurb\u00fcro<\/h2>\n<\/div><\/div>\n<\/div>\n\n\n\n<div class=\"wp-block-uagb-container uagb-block-2a6dd5ab alignfull uagb-is-root-container\"><div class=\"uagb-container-inner-blocks-wrap\">\n<h2 class=\"wp-block-heading has-large-font-size\">Ingenieurb\u00fcro mit Erfahrung und Leidenschaft<\/h2>\n\n\n\n<p><strong>Mit Blu-AviTec er\u00f6ffnete ein neues Luftfahrt- und Ingenieurb\u00fcro am 1. Januar 2024 offiziell seinen Gesch\u00e4ftsbetrieb und besteht nunmehr 2 Jahre. <\/strong><br><br>Wer steht hinter diesem Namen? <br><br>Ich bin Ronald Blume und seit meinem Eintritt in den Ruhestand am 1. Januar 2024 arbeite ich auf freiberuflicher Ebene in diesem spannenden Umfeld: Oft fehlt ein Dolmetscher \/ \u00dcbersetzer zwischen den an einem Projekt beteiligten Personen bzw. Institutionen. Hier sehe ich mein Einsatzgebiet. Als Vermittler, mit umfangreichen Erfahrungen innerhalb und au\u00dferhalb der Luftfahrtbeh\u00f6rde, verf\u00fcge ich \u00fcber umfangreiche Projekterfahrung und kann damit helfen, wertvolle Zeit, Lebensenergie und Geld zu sparen.<br><br>Nach mehr als 32 Jahren Berufst\u00e4tigkeit als \u201efliegender Ingenieur\u201c freue ich mich, mein Wissen und meine Kompetenzen auch freiberuflich nutzen zu k\u00f6nnen. Dabei kann ich auf ein umfangreiches und tragf\u00e4higes Netzwerk zur\u00fcckgreifen.<br><br>In den ersten 2 Jahren als &#8218;Freiberufler&#8216; gab es gro\u00dfen Bedarf im Bereich Compliance und Safety. Zum heutigen Zeitpunkt bestehen  Anerkennungen als Safety- und Compliance Manager f\u00fcr 2 AOC&#8217;s (Regulation (EU) No 965\/2012), 3 CAMO&#8217;s (Regulation (EU) No 1321\/2014) und eine ATO (Regulation (EU) No 1178\/2011). <br><br>Da ich immer Freude an Neuem hatte und habe, m\u00f6chte ich mein zuk\u00fcnftiges T\u00e4tigkeitsfeld fexibel gestalten. Im weiteren<br>Verlauf dieser Seite sind Beispiele meiner Interessengebiete zu finden. Vielleicht ist etwas f\u00fcr Sie dabei &#8211; ich freue mich darauf, von Ihnen zu h\u00f6ren!<br><br>Dipl.-Ing. Ronald Blume, 2026<\/p>\n<\/div><\/div>\n\n\n\n<div class=\"wp-block-uagb-container uagb-block-c0e7e6a7 alignfull uagb-is-root-container\"><div class=\"uagb-container-inner-blocks-wrap\">\n<div class=\"wp-block-uagb-container uagb-block-8d2ab815\">\n<h3 class=\"wp-block-heading\">Fliegerei<\/h3>\n\n\n\n<figure class=\"wp-block-image size-large\"><img loading=\"lazy\" decoding=\"async\" width=\"1024\" height=\"576\" src=\"https:\/\/www.blu-avitec.de\/wp-content\/uploads\/2023\/10\/DFFBZ-1024x576.png\" alt=\"Pilatus PC-6, Porter, D-FFBZ\" class=\"wp-image-135\" srcset=\"https:\/\/www.blu-avitec.de\/wp-content\/uploads\/2023\/10\/DFFBZ-1024x576.png 1024w, https:\/\/www.blu-avitec.de\/wp-content\/uploads\/2023\/10\/DFFBZ-300x169.png 300w, https:\/\/www.blu-avitec.de\/wp-content\/uploads\/2023\/10\/DFFBZ-768x432.png 768w, https:\/\/www.blu-avitec.de\/wp-content\/uploads\/2023\/10\/DFFBZ-1536x864.png 1536w, https:\/\/www.blu-avitec.de\/wp-content\/uploads\/2023\/10\/DFFBZ.png 1593w\" sizes=\"auto, (max-width: 1024px) 100vw, 1024px\" \/><\/figure>\n\n\n\n<div class=\"wp-block-uagb-separator uagb-block-239c2e64\"><div class=\"wp-block-uagb-separator__inner\" style=\"--my-background-image:\"><\/div><\/div>\n\n\n\n<p>Der Betrieb von Flugzeugen, das<br>\u201eFliegen an sich\u201c kann pure<br>Leiderschaft sein. Auch wenn es<br>gewerblicher Flugbetrieb ist,<br>erh\u00f6ht vorhandene Leidenschaft<br>die Stressresistenz und macht<br>vieles einfacher. Nach<br>mittlerweile 46 Jahren in der<br>Luft fliege ich immer noch sehr<br>gern. Es besteht der ATPL &#8230; <a href=\"https:\/\/www.blu-avitec.de\/?page_id=31\/#Fliegerei\" data-type=\"page\" data-id=\"31\">mehr<\/a><\/p>\n<\/div>\n\n\n\n<div class=\"wp-block-uagb-container uagb-block-79b8f915\">\n<h3 class=\"wp-block-heading\">Ausbildung und Pr\u00fcfung<\/h3>\n\n\n\n<figure class=\"wp-block-image size-large\"><img loading=\"lazy\" decoding=\"async\" width=\"1390\" height=\"782\" src=\"https:\/\/www.blu-avitec.de\/wp-content\/uploads\/2023\/11\/Schueler-edited-1.png\" alt=\"Flugschueler im Luftfahrzeug\" class=\"wp-image-285\" srcset=\"https:\/\/www.blu-avitec.de\/wp-content\/uploads\/2023\/11\/Schueler-edited-1.png 1390w, https:\/\/www.blu-avitec.de\/wp-content\/uploads\/2023\/11\/Schueler-edited-1-300x169.png 300w, https:\/\/www.blu-avitec.de\/wp-content\/uploads\/2023\/11\/Schueler-edited-1-1024x576.png 1024w, https:\/\/www.blu-avitec.de\/wp-content\/uploads\/2023\/11\/Schueler-edited-1-768x432.png 768w\" sizes=\"auto, (max-width: 1390px) 100vw, 1390px\" \/><\/figure>\n\n\n\n<div class=\"wp-block-uagb-separator uagb-block-c812cc92\"><div class=\"wp-block-uagb-separator__inner\" style=\"--my-background-image:\"><\/div><\/div>\n\n\n\n<p>Jemandem etwas beizubringen<br>ist etwas ganz Besonderes. In<br>der Fliegerei ist die Ausbildung<br>mit einem sehr hohen<br>Qualit\u00e4tsanspruch belegt. Hier<br>werden nicht nur Personen zu<br>einer T\u00e4tigkeit bef\u00e4higt. Fliegerei<br>schult auch die ganze<br>Pers\u00f6nlichkeit. Stichworte sind<br>Verantwortung, und &#8230; <a href=\"https:\/\/www.blu-avitec.de\/?page_id=31\/#Schulung\" data-type=\"page\" data-id=\"31\">mehr<\/a><\/p>\n<\/div>\n\n\n\n<div class=\"wp-block-uagb-container uagb-block-13a64551\">\n<h3 class=\"wp-block-heading\"><strong>Unterst\u00fctzung bei technischer Zulassung<\/strong><\/h3>\n\n\n\n<figure class=\"wp-block-image size-full\"><img loading=\"lazy\" decoding=\"async\" width=\"973\" height=\"547\" src=\"https:\/\/www.blu-avitec.de\/wp-content\/uploads\/2023\/11\/DKAOM-edited-1.jpg\" alt=\"Motorsegler Daidalos, D-KAOM\" class=\"wp-image-286\" srcset=\"https:\/\/www.blu-avitec.de\/wp-content\/uploads\/2023\/11\/DKAOM-edited-1.jpg 973w, https:\/\/www.blu-avitec.de\/wp-content\/uploads\/2023\/11\/DKAOM-edited-1-300x169.jpg 300w, https:\/\/www.blu-avitec.de\/wp-content\/uploads\/2023\/11\/DKAOM-edited-1-768x432.jpg 768w\" sizes=\"auto, (max-width: 973px) 100vw, 973px\" \/><\/figure>\n\n\n\n<div class=\"wp-block-uagb-separator uagb-block-1c26f1b2\"><div class=\"wp-block-uagb-separator__inner\" style=\"--my-background-image:\"><\/div><\/div>\n\n\n\n<p>Nach der Idee ein Luftfahrzeug<br>zu bauen erfolgt eine<br>arbeitsreiche Zeit. Soll das<br>Luftfahrzeug sich sp\u00e4ter mit<br>Pilot im Luftraum bewegen,<br>bedarf dies einer Genehmigung.<br>Dieser Genehmigung geht intensiver Kontakt mit einer Beh\u00f6rde voraus. Hier bestehen 8 Jahren beh\u00f6rdliche Erfahrung in der Musterzulassung, ebenso wie Erfahrung aus Erstfl\u00fcgen &#8230; <a href=\"https:\/\/www.blu-avitec.de\/?page_id=31\/#Zulassung\" data-type=\"page\" data-id=\"31\">mehr<\/a><\/p>\n<\/div>\n<\/div><\/div>\n\n\n\n<div class=\"wp-block-uagb-separator uagb-block-b6a9586d\"><div class=\"wp-block-uagb-separator__inner\" style=\"--my-background-image:\"><\/div><\/div>\n\n\n\n<h3 class=\"wp-block-heading has-medium-font-size\">Compliance- &amp; Safety-Management<\/h3>\n\n\n\n<div class=\"wp-block-uagb-container uagb-block-464c2ec3 alignfull uagb-is-root-container\"><div class=\"uagb-container-inner-blocks-wrap\">\n<div class=\"wp-block-uagb-container uagb-block-c2448bfc\">\n<figure class=\"wp-block-image size-full\"><img loading=\"lazy\" decoding=\"async\" width=\"460\" height=\"650\" src=\"https:\/\/www.blu-avitec.de\/wp-content\/uploads\/2024\/10\/Reg1178_2011.png\" alt=\"\" class=\"wp-image-367\" srcset=\"https:\/\/www.blu-avitec.de\/wp-content\/uploads\/2024\/10\/Reg1178_2011.png 460w, https:\/\/www.blu-avitec.de\/wp-content\/uploads\/2024\/10\/Reg1178_2011-212x300.png 212w\" sizes=\"auto, (max-width: 460px) 100vw, 460px\" \/><\/figure>\n<\/div>\n\n\n\n<div class=\"wp-block-uagb-container uagb-block-b527b9d8\">\n<figure class=\"wp-block-image size-full\"><img loading=\"lazy\" decoding=\"async\" width=\"460\" height=\"650\" src=\"https:\/\/www.blu-avitec.de\/wp-content\/uploads\/2024\/10\/Reg965_2012.png\" alt=\"\" class=\"wp-image-368\" srcset=\"https:\/\/www.blu-avitec.de\/wp-content\/uploads\/2024\/10\/Reg965_2012.png 460w, https:\/\/www.blu-avitec.de\/wp-content\/uploads\/2024\/10\/Reg965_2012-212x300.png 212w\" sizes=\"auto, (max-width: 460px) 100vw, 460px\" \/><\/figure>\n<\/div>\n\n\n\n<div class=\"wp-block-uagb-container uagb-block-f79304a8\">\n<figure class=\"wp-block-image size-full\"><img loading=\"lazy\" decoding=\"async\" width=\"460\" height=\"650\" src=\"https:\/\/www.blu-avitec.de\/wp-content\/uploads\/2024\/10\/Reg1321_2014.png\" alt=\"\" class=\"wp-image-369\" srcset=\"https:\/\/www.blu-avitec.de\/wp-content\/uploads\/2024\/10\/Reg1321_2014.png 460w, https:\/\/www.blu-avitec.de\/wp-content\/uploads\/2024\/10\/Reg1321_2014-212x300.png 212w\" sizes=\"auto, (max-width: 460px) 100vw, 460px\" \/><\/figure>\n<\/div>\n<\/div><\/div>\n\n\n\n<p><br>Das Thema Compliance &amp; Safety war in der Anfangsausrichtung der Firma Blu-AviTec noch nicht vorhanden. Es hat sich jedoch gezeigt, dass gerade hier ein gro\u00dfes Interesse von Kunden besteht. Die Erfahrung in diesem Bereich, die ich w\u00e4hrend meiner T\u00e4tigkeit f\u00fcr die Beh\u00f6rde gesammelt habe leistet hier gute Dienste. Hier sind \u00fcber 200 Audits in den Bereichen LFZ-Herstellung, Flugsimulation und ATO beh\u00f6rdenseitig angefallen. Jetzt, im Januar 2026, 2 Jahre nach Firmengr\u00fcndung bestehen auf meinen Name Anerkennungen als Compliance- und Safetymanager f\u00fcr eine gro\u00dfe <strong>ATO<\/strong>, 2 <strong>AOC<\/strong>&#8217;s sowie drei <strong>CAMO<\/strong>&#8217;s.<\/p>\n\n\n\n<div class=\"wp-block-uagb-separator uagb-block-bb0d09fb\"><div class=\"wp-block-uagb-separator__inner\" style=\"--my-background-image:\"><\/div><\/div>\n\n\n\n<h3 class=\"wp-block-heading\">Flugsimulation<\/h3>\n\n\n\n<div class=\"wp-block-uagb-container uagb-block-2f4e7522 alignfull uagb-is-root-container\"><div class=\"uagb-container-inner-blocks-wrap\">\n<div class=\"wp-block-uagb-container uagb-block-5b1b5fbe\">\n<figure class=\"wp-block-image size-full\"><img loading=\"lazy\" decoding=\"async\" width=\"600\" height=\"450\" src=\"https:\/\/www.blu-avitec.de\/wp-content\/uploads\/2023\/11\/20130828_1215120.jpg\" alt=\"\" class=\"wp-image-194\" srcset=\"https:\/\/www.blu-avitec.de\/wp-content\/uploads\/2023\/11\/20130828_1215120.jpg 600w, https:\/\/www.blu-avitec.de\/wp-content\/uploads\/2023\/11\/20130828_1215120-300x225.jpg 300w\" sizes=\"auto, (max-width: 600px) 100vw, 600px\" \/><\/figure>\n<\/div>\n\n\n\n<div class=\"wp-block-uagb-container uagb-block-fa413c89\">\n<figure class=\"wp-block-image size-full\"><img loading=\"lazy\" decoding=\"async\" width=\"600\" height=\"450\" src=\"https:\/\/www.blu-avitec.de\/wp-content\/uploads\/2023\/11\/20130828_095433.jpg\" alt=\"\" class=\"wp-image-193\" srcset=\"https:\/\/www.blu-avitec.de\/wp-content\/uploads\/2023\/11\/20130828_095433.jpg 600w, https:\/\/www.blu-avitec.de\/wp-content\/uploads\/2023\/11\/20130828_095433-300x225.jpg 300w\" sizes=\"auto, (max-width: 600px) 100vw, 600px\" \/><\/figure>\n<\/div>\n<\/div><\/div>\n\n\n\n<p><br>Aus Kosten-, Gefahren- und Umweltschutzgr\u00fcnden wird Flugausbildung gern in ein synhetisches \u00dcbungsger\u00e4t (FSTD) verlagert. Auch kann man hier konzentrierter und ungest\u00f6rter Handlungen trainieren, f\u00fcr die man sonst viel Aufwand an An- und Abflug und ggf. St\u00f6rungen durch das Wetter und Flughafen\u00f6ffnungszeiten h\u00e4tten. <br><br>Anrechenbares Training auf synthetischen \u00dcbungsger\u00e4ten bedingt eine Zulassung des Ger\u00e4tes. Diese Zulassung hat viele technische und organisatorische Voraussetzungen. <br><br>In diesem Bereich sind gut 7 Jahre an internationaler Pr\u00fcf-Erfahrung mit Ger\u00e4ten von FNPT I bis FFS Level D, und Luftfahrzeugen von der DA20 bis zur 747-8 aus der Beh\u00f6rdent\u00e4tigkeit verf\u00fcgbar. &#8230; <a href=\"https:\/\/www.blu-avitec.de\/?page_id=31\/#Simulation\" data-type=\"page\" data-id=\"31\">mehr<\/a><\/p>\n","protected":false},"excerpt":{"rendered":"<p>Ingenieurb\u00fcro mit Erfahrung und Leidenschaft Mit Blu-AviTec er\u00f6ffnete ein neues Luftfahrt- und Ingenieurb\u00fcro am 1. Januar 2024 offiziell seinen Gesch\u00e4ftsbetrieb und besteht nunmehr 2 Jahre. Wer steht hinter diesem Namen? Ich bin Ronald Blume und seit meinem Eintritt in den Ruhestand am 1. Januar 2024 arbeite ich auf freiberuflicher Ebene in diesem spannenden Umfeld: Oft [&hellip;]<\/p>\n","protected":false},"author":1,"featured_media":0,"parent":0,"menu_order":0,"comment_status":"closed","ping_status":"closed","template":"","meta":{"_uag_custom_page_level_css":"","site-sidebar-layout":"default","site-content-layout":"","ast-site-content-layout":"default","site-content-style":"default","site-sidebar-style":"default","ast-global-header-display":"","ast-banner-title-visibility":"","ast-main-header-display":"","ast-hfb-above-header-display":"","ast-hfb-below-header-display":"","ast-hfb-mobile-header-display":"","site-post-title":"disabled","ast-breadcrumbs-content":"","ast-featured-img":"","footer-sml-layout":"","ast-disable-related-posts":"","theme-transparent-header-meta":"","adv-header-id-meta":"","stick-header-meta":"","header-above-stick-meta":"","header-main-stick-meta":"","header-below-stick-meta":"","astra-migrate-meta-layouts":"","ast-page-background-enabled":"default","ast-page-background-meta":{"desktop":{"background-color":"var(--ast-global-color-4)","background-image":"","background-repeat":"repeat","background-position":"center center","background-size":"auto","background-attachment":"scroll","background-type":"","background-media":"","overlay-type":"","overlay-color":"","overlay-opacity":"","overlay-gradient":""},"tablet":{"background-color":"","background-image":"","background-repeat":"repeat","background-position":"center center","background-size":"auto","background-attachment":"scroll","background-type":"","background-media":"","overlay-type":"","overlay-color":"","overlay-opacity":"","overlay-gradient":""},"mobile":{"background-color":"","background-image":"","background-repeat":"repeat","background-position":"center center","background-size":"auto","background-attachment":"scroll","background-type":"","background-media":"","overlay-type":"","overlay-color":"","overlay-opacity":"","overlay-gradient":""}},"ast-content-background-meta":{"desktop":{"background-color":"var(--ast-global-color-5)","background-image":"","background-repeat":"repeat","background-position":"center center","background-size":"auto","background-attachment":"scroll","background-type":"","background-media":"","overlay-type":"","overlay-color":"","overlay-opacity":"","overlay-gradient":""},"tablet":{"background-color":"var(--ast-global-color-5)","background-image":"","background-repeat":"repeat","background-position":"center center","background-size":"auto","background-attachment":"scroll","background-type":"","background-media":"","overlay-type":"","overlay-color":"","overlay-opacity":"","overlay-gradient":""},"mobile":{"background-color":"var(--ast-global-color-5)","background-image":"","background-repeat":"repeat","background-position":"center center","background-size":"auto","background-attachment":"scroll","background-type":"","background-media":"","overlay-type":"","overlay-color":"","overlay-opacity":"","overlay-gradient":""}},"footnotes":""},"class_list":["post-28","page","type-page","status-publish","hentry"],"uagb_featured_image_src":{"full":false,"thumbnail":false,"medium":false,"medium_large":false,"large":false,"1536x1536":false,"2048x2048":false},"uagb_author_info":{"display_name":"Dipl.-Ing. Ronald Blume","author_link":"https:\/\/www.blu-avitec.de\/?author=1"},"uagb_comment_info":0,"uagb_excerpt":"Ingenieurb\u00fcro mit Erfahrung und Leidenschaft Mit Blu-AviTec er\u00f6ffnete ein neues Luftfahrt- und Ingenieurb\u00fcro am 1. Januar 2024 offiziell seinen Gesch\u00e4ftsbetrieb und besteht nunmehr 2 Jahre. Wer steht hinter diesem Namen? Ich bin Ronald Blume und seit meinem Eintritt in den Ruhestand am 1. Januar 2024 arbeite ich auf freiberuflicher Ebene in diesem spannenden Umfeld: Oft&hellip;","_links":{"self":[{"href":"https:\/\/www.blu-avitec.de\/index.php?rest_route=\/wp\/v2\/pages\/28","targetHints":{"allow":["GET"]}}],"collection":[{"href":"https:\/\/www.blu-avitec.de\/index.php?rest_route=\/wp\/v2\/pages"}],"about":[{"href":"https:\/\/www.blu-avitec.de\/index.php?rest_route=\/wp\/v2\/types\/page"}],"author":[{"embeddable":true,"href":"https:\/\/www.blu-avitec.de\/index.php?rest_route=\/wp\/v2\/users\/1"}],"replies":[{"embeddable":true,"href":"https:\/\/www.blu-avitec.de\/index.php?rest_route=%2Fwp%2Fv2%2Fcomments&post=28"}],"version-history":[{"count":41,"href":"https:\/\/www.blu-avitec.de\/index.php?rest_route=\/wp\/v2\/pages\/28\/revisions"}],"predecessor-version":[{"id":386,"href":"https:\/\/www.blu-avitec.de\/index.php?rest_route=\/wp\/v2\/pages\/28\/revisions\/386"}],"wp:attachment":[{"href":"https:\/\/www.blu-avitec.de\/index.php?rest_route=%2Fwp%2Fv2%2Fmedia&parent=28"}],"curies":[{"name":"wp","href":"https:\/\/api.w.org\/{rel}","templated":true}]}}