{"id":31,"date":"2023-09-09T21:57:30","date_gmt":"2023-09-09T19:57:30","guid":{"rendered":"https:\/\/www.blu-avitec.de\/?page_id=31"},"modified":"2026-01-06T12:10:53","modified_gmt":"2026-01-06T11:10:53","slug":"leistungsbereiche","status":"publish","type":"page","link":"https:\/\/www.blu-avitec.de\/?page_id=31","title":{"rendered":"Leistungsbereiche"},"content":{"rendered":"\n<p><br><br><strong>Beispiel 1: <\/strong><br>Bei der <strong><em>Zulassung eines neuen Flug\u00fcbungsger\u00e4tes<\/em><\/strong>, z.B. eines FNPT sind QTG-Versuche (QTG = Quality Test Guide, f\u00fcr das Verhalten des Ger\u00e4ts charakteristische Versuche) darzulegen und diese reproduzierbar zu machen. Diese Versuche sind in jedem Folgejahr innerhalb einer gewissen Toleranz zu wiederholen um zu zeigen, dass das Flugverhalten des Ger\u00e4tes sich nicht wesentlich ver\u00e4ndert hat. <br>So weit, so gut. Das steht in der Vorschrift. Aber wie wird das praktisch geflogen? <br>Bei diesen Versuchen wird nicht wie im &#8222;normalen&#8220; Flugbetrieb geflogen sondern es werden Eigenformen der Flugzeugbewegung spezifisch angeregt. Hier hilft (meine) Erfahrung aus der <strong><em>Flugerprobung f\u00fcr die Musterzulassung<\/em><\/strong>, da die meisten f\u00fcr QTG-Talso Hilfeests verwendeten F\u00e4lle aus der Flugerprobung und somit aus den Vorschriften f\u00fcr die Zulassung von Flugzeugen kommen.  <br><br><strong>Beispiel 2:<\/strong><br>Mache ich den Erstflug, d.h. den Beginn der <strong><em>Flugerprobung<\/em><\/strong> meines Eigenbauflugzeuges selbst oder frage ich jemanden, der so etwas schon einmal gemacht hat? Wie schreibe ich ein Flugerprobungsprogramm? Warum muss man bei der Flugerprobung die Envelope zuerst einschr\u00e4nken und wie erweitere ich sie sp\u00e4ter? Wie funktioniert Flattererprobung? Auch hier hilft <strong><em>Erfahrung aus Erprobungs- und Beh\u00f6rdensicht<\/em><\/strong>. <br><br><strong>Beispiel 3:<\/strong><br>Es wird <strong><em>Ausbildung im FNPT<\/em> <\/strong>durchgef\u00fchrt. Der Fluglehrer \u00fcbt mit dem Flugsch\u00fcler Anfl\u00fcge, Landungen und  die Ann\u00e4herung an den \u00fcberzogenen Flugzustand (Stall), um dieses nicht im realen Flugzeug machen zu m\u00fcssen. Bei der Pr\u00fcfung des Sch\u00fclers stellen sich Defizite heraus, die durch die Verwendung eines nicht zugelassenen Teilbereiches des FNPT begr\u00fcndet sein k\u00f6nnen. <em><strong>Zulassungswissen<\/strong><\/em> kann hier helfen, den Vertrauensbereich der Daten im Simulationsbereich zu erkennen.<br><br><strong>Beispiel 4: <\/strong><br>Ein Luftfahrtunternehmen mit entsprechender ATO beschafft einen musterspezifischen <strong><em>FNPT II \/ FTD2 MCC<\/em><\/strong>. Der Pr\u00fcfer im Unternehmen nimmt anschliessend einen Typerating-Check zur Verl\u00e4ngerung der Musterberechtigung f\u00fcr einen kleinen Jet in diesem FNPT II \/ FTD2 MCC ab. Nach Einsenden der Pr\u00fcfungsunterlagen wird der Check durch die Beh\u00f6rde nicht gewertet. Die Musterberechtigung des Piloten ruht. Den Pr\u00fcfer erreicht ein Anh\u00f6rungsschreiben. <strong><em>Beratung mit Beh\u00f6rdenerfahrung<\/em><\/strong> vor Beschaffung und Einsatz von Simulationsger\u00e4ten kann Fallstricke vermeiden. <\/p>\n\n\n\n<div class=\"wp-block-uagb-separator uagb-block-33663545\"><div class=\"wp-block-uagb-separator__inner\" style=\"--my-background-image:\"><\/div><\/div>\n\n\n\n<h3 class=\"wp-block-heading\" id=\"Fliegerei\">Fliegerei<\/h3>\n\n\n\n<div class=\"wp-block-uagb-container uagb-block-b3c580cb alignfull uagb-is-root-container\"><div class=\"uagb-container-inner-blocks-wrap\">\n<div class=\"wp-block-uagb-container uagb-block-87d9414b\">\n<figure class=\"wp-block-image size-large\"><img loading=\"lazy\" decoding=\"async\" width=\"1512\" height=\"1134\" src=\"https:\/\/www.blu-avitec.de\/wp-content\/uploads\/2023\/11\/20200820_223328-edited.jpg\" alt=\"Boeing-Cockpit-off\" class=\"wp-image-163\" srcset=\"https:\/\/www.blu-avitec.de\/wp-content\/uploads\/2023\/11\/20200820_223328-edited.jpg 1512w, https:\/\/www.blu-avitec.de\/wp-content\/uploads\/2023\/11\/20200820_223328-edited-300x225.jpg 300w, https:\/\/www.blu-avitec.de\/wp-content\/uploads\/2023\/11\/20200820_223328-edited-1024x768.jpg 1024w, https:\/\/www.blu-avitec.de\/wp-content\/uploads\/2023\/11\/20200820_223328-edited-768x576.jpg 768w\" sizes=\"auto, (max-width: 1512px) 100vw, 1512px\" \/><\/figure>\n<\/div>\n\n\n\n<div class=\"wp-block-uagb-container uagb-block-65499d33\">\n<figure class=\"wp-block-image size-large\"><img loading=\"lazy\" decoding=\"async\" width=\"1195\" height=\"896\" src=\"https:\/\/www.blu-avitec.de\/wp-content\/uploads\/2023\/11\/DFFBZ-edited-2.png\" alt=\"Pilatus PC-6, Porter, D-FFBZ\" class=\"wp-image-161\" srcset=\"https:\/\/www.blu-avitec.de\/wp-content\/uploads\/2023\/11\/DFFBZ-edited-2.png 1195w, https:\/\/www.blu-avitec.de\/wp-content\/uploads\/2023\/11\/DFFBZ-edited-2-300x225.png 300w, https:\/\/www.blu-avitec.de\/wp-content\/uploads\/2023\/11\/DFFBZ-edited-2-1024x768.png 1024w, https:\/\/www.blu-avitec.de\/wp-content\/uploads\/2023\/11\/DFFBZ-edited-2-768x576.png 768w\" sizes=\"auto, (max-width: 1195px) 100vw, 1195px\" \/><\/figure>\n<\/div>\n\n\n\n<div class=\"wp-block-uagb-container uagb-block-7daed2e6\">\n<figure class=\"wp-block-image size-large\"><img loading=\"lazy\" decoding=\"async\" width=\"1512\" height=\"1134\" src=\"https:\/\/www.blu-avitec.de\/wp-content\/uploads\/2023\/11\/20210510_111648-edited.jpg\" alt=\"Aquila-Cockpit\" class=\"wp-image-165\" srcset=\"https:\/\/www.blu-avitec.de\/wp-content\/uploads\/2023\/11\/20210510_111648-edited.jpg 1512w, https:\/\/www.blu-avitec.de\/wp-content\/uploads\/2023\/11\/20210510_111648-edited-300x225.jpg 300w, https:\/\/www.blu-avitec.de\/wp-content\/uploads\/2023\/11\/20210510_111648-edited-1024x768.jpg 1024w, https:\/\/www.blu-avitec.de\/wp-content\/uploads\/2023\/11\/20210510_111648-edited-768x576.jpg 768w\" sizes=\"auto, (max-width: 1512px) 100vw, 1512px\" \/><\/figure>\n<\/div>\n<\/div><\/div>\n\n\n\n<p>Der Betrieb von Flugzeugen, das \u201eFliegen an sich\u201c kann pure Leidenschaft sein. Auch wenn es gewerblicher Flugbetrieb ist, erh\u00f6ht vorhandene Leidenschaft die Stressresistenz und macht vieles einfacher. Nach mittlerweile 48 Jahren in der Luft fliege ich immer noch sehr gern. Es besteht der ATPL und neben 10 Jahren Erfahrung auf Jet (Beech und Boeing) noch SEP, SET, TMG, MEP (ruhend) und Segelflug. Als Antrieb wurden bislang Kolbenmotoren (Benzin und Diesel), Turboprop, Turbine, Elektrik und Thermik verwendet. Als Berechtigungen sind IR, Kunstflug, Schleppflug bis Bannerfangschlepp und die entsprechenden Lehrberechtigungen vorhanden. Tauglichkeit liegt bei Klasse 1.<\/p>\n\n\n\n<p>Sollten Sie also einmal einen motivierten Piloten brauchen, so <a href=\"https:\/\/www.blu-avitec.de\/?page_id=35\">w\u00fcrde ich mich freuen von Ihnen zu h\u00f6ren<\/a>.<\/p>\n\n\n\n<div class=\"wp-block-uagb-separator uagb-block-a36bcb28\"><div class=\"wp-block-uagb-separator__inner\" style=\"--my-background-image:\"><\/div><\/div>\n\n\n\n<h3 class=\"wp-block-heading\" id=\"Schulung\">Ausbildung und Pr\u00fcfung<\/h3>\n\n\n\n<div class=\"wp-block-uagb-container uagb-block-6c62f0c6 alignfull uagb-is-root-container\"><div class=\"uagb-container-inner-blocks-wrap\">\n<div class=\"wp-block-uagb-container uagb-block-ed5755d3\">\n<figure class=\"wp-block-image size-large\"><img loading=\"lazy\" decoding=\"async\" width=\"1024\" height=\"768\" src=\"https:\/\/www.blu-avitec.de\/wp-content\/uploads\/2023\/11\/Schueler-edited-2-1024x768.png\" alt=\"Flugschueler im Luftfahrzeug\" class=\"wp-image-316\" srcset=\"https:\/\/www.blu-avitec.de\/wp-content\/uploads\/2023\/11\/Schueler-edited-2-1024x768.png 1024w, https:\/\/www.blu-avitec.de\/wp-content\/uploads\/2023\/11\/Schueler-edited-2-300x225.png 300w, https:\/\/www.blu-avitec.de\/wp-content\/uploads\/2023\/11\/Schueler-edited-2-768x576.png 768w, https:\/\/www.blu-avitec.de\/wp-content\/uploads\/2023\/11\/Schueler-edited-2.png 1043w\" sizes=\"auto, (max-width: 1024px) 100vw, 1024px\" \/><\/figure>\n<\/div>\n\n\n\n<div class=\"wp-block-uagb-container uagb-block-b811e0d4\">\n<figure class=\"wp-block-image size-full\"><img loading=\"lazy\" decoding=\"async\" width=\"600\" height=\"450\" src=\"https:\/\/www.blu-avitec.de\/wp-content\/uploads\/2023\/11\/f11732928jpg.0.jpg\" alt=\"Flugsch\u00fcler im Segelflugzeug\" class=\"wp-image-205\" srcset=\"https:\/\/www.blu-avitec.de\/wp-content\/uploads\/2023\/11\/f11732928jpg.0.jpg 600w, https:\/\/www.blu-avitec.de\/wp-content\/uploads\/2023\/11\/f11732928jpg.0-300x225.jpg 300w\" sizes=\"auto, (max-width: 600px) 100vw, 600px\" \/><\/figure>\n<\/div>\n\n\n\n<div class=\"wp-block-uagb-container uagb-block-d0880051\">\n<figure class=\"wp-block-image size-full\"><img loading=\"lazy\" decoding=\"async\" width=\"600\" height=\"450\" src=\"https:\/\/www.blu-avitec.de\/wp-content\/uploads\/2023\/11\/20170626_152856_2.jpg\" alt=\"Flugsch\u00fcler mit Auftrag\" class=\"wp-image-206\" srcset=\"https:\/\/www.blu-avitec.de\/wp-content\/uploads\/2023\/11\/20170626_152856_2.jpg 600w, https:\/\/www.blu-avitec.de\/wp-content\/uploads\/2023\/11\/20170626_152856_2-300x225.jpg 300w\" sizes=\"auto, (max-width: 600px) 100vw, 600px\" \/><\/figure>\n<\/div>\n<\/div><\/div>\n\n\n\n<p>Jemandem etwas beizubringen ist etwas ganz Besonderes. In der Fliegerei ist die Ausbildung mit einem sehr hohen Qualit\u00e4tsanspruch belegt. Hier werden nicht nur Personen zu einer T\u00e4tigkeit bef\u00e4higt und das n\u00f6tige Wissen daf\u00fcr vermittelt. Fliegerei schult auch die ganze Pers\u00f6nlichkeit. Stichworte sind Verantwortung, Belastbarkeit, Faszination f\u00fcr Technik. Oder mit den Worten der neuen Vorschriften gesprochen: es werden \u201eknowledge, skills and attitude\u201c vermittelt. In mehr als 20 Jahren Lehrt\u00e4tigkeit habe ich viele interessante Menschen und deren Eigenschaften kennen gelernt. Jeder Mensch lernt anders&#8230;<br>Die T\u00e4tigkeit als Pr\u00fcfer f\u00fcr Lizenzen und Berechtigungen stellt den amtlichen Abschluss der Ausbildung dar. Eine erfolgreiche Pr\u00fcfung ist der Schritt in die Eigenverantwortung. Vorhandene Lehrberechtigungen: FI(A) CPL, SEP, TMG, MEP (ruhend) und FI SPL (ruhend) und Pr\u00fcfberechtigungen: FE(A) CPL IR SEP, MEP (ruhend), CRE(A) IR SEP, MEP (ruhend). <\/p>\n\n\n\n<p>Sollten Sie also einen motivierten Lehrer \/ Pr\u00fcfer ben\u00f6tigen, <a href=\"https:\/\/www.blu-avitec.de\/?page_id=35\">melden Sie sich bitte gern<\/a>.<br><\/p>\n\n\n\n<div class=\"wp-block-uagb-separator uagb-block-fe1209c6\"><div class=\"wp-block-uagb-separator__inner\" style=\"--my-background-image:\"><\/div><\/div>\n\n\n\n<h3 class=\"wp-block-heading\" id=\"Zulassung\"><strong>Unterst\u00fctzung bei technischer Zulassung<\/strong><\/h3>\n\n\n\n<div class=\"wp-block-uagb-container uagb-block-12de972e alignfull uagb-is-root-container\"><div class=\"uagb-container-inner-blocks-wrap\">\n<div class=\"wp-block-uagb-container uagb-block-a19d1596\">\n<figure class=\"wp-block-image size-large\"><img loading=\"lazy\" decoding=\"async\" width=\"1253\" height=\"704\" src=\"https:\/\/www.blu-avitec.de\/wp-content\/uploads\/2023\/11\/DESEW-edited.jpg\" alt=\"Cherry BX2\" class=\"wp-image-172\" srcset=\"https:\/\/www.blu-avitec.de\/wp-content\/uploads\/2023\/11\/DESEW-edited.jpg 1253w, https:\/\/www.blu-avitec.de\/wp-content\/uploads\/2023\/11\/DESEW-edited-300x169.jpg 300w, https:\/\/www.blu-avitec.de\/wp-content\/uploads\/2023\/11\/DESEW-edited-1024x575.jpg 1024w, https:\/\/www.blu-avitec.de\/wp-content\/uploads\/2023\/11\/DESEW-edited-768x432.jpg 768w\" sizes=\"auto, (max-width: 1253px) 100vw, 1253px\" \/><\/figure>\n<\/div>\n\n\n\n<div class=\"wp-block-uagb-container uagb-block-97b00b10\">\n<figure class=\"wp-block-image size-full\"><img loading=\"lazy\" decoding=\"async\" width=\"973\" height=\"547\" src=\"https:\/\/www.blu-avitec.de\/wp-content\/uploads\/2023\/11\/DKAOM-edited.jpg\" alt=\"Motorsegler Daidalos, D-KAOM\" class=\"wp-image-171\" srcset=\"https:\/\/www.blu-avitec.de\/wp-content\/uploads\/2023\/11\/DKAOM-edited.jpg 973w, https:\/\/www.blu-avitec.de\/wp-content\/uploads\/2023\/11\/DKAOM-edited-300x169.jpg 300w, https:\/\/www.blu-avitec.de\/wp-content\/uploads\/2023\/11\/DKAOM-edited-768x432.jpg 768w\" sizes=\"auto, (max-width: 973px) 100vw, 973px\" \/><\/figure>\n<\/div>\n\n\n\n<div class=\"wp-block-uagb-container uagb-block-d2b50502\">\n<figure class=\"wp-block-image size-full\"><img loading=\"lazy\" decoding=\"async\" width=\"600\" height=\"338\" src=\"https:\/\/www.blu-avitec.de\/wp-content\/uploads\/2023\/11\/IMG-20150926-WA0001.jpg\" alt=\"Eigenbau ARA\" class=\"wp-image-221\" srcset=\"https:\/\/www.blu-avitec.de\/wp-content\/uploads\/2023\/11\/IMG-20150926-WA0001.jpg 600w, https:\/\/www.blu-avitec.de\/wp-content\/uploads\/2023\/11\/IMG-20150926-WA0001-300x169.jpg 300w\" sizes=\"auto, (max-width: 600px) 100vw, 600px\" \/><\/figure>\n<\/div>\n<\/div><\/div>\n\n\n\n<p>Die Idee ein Luftfahrzeug zu bauen, ist der Beginn einer arbeitsreichen Zeit. Soll das Luftfahrzeug sp\u00e4ter im Luftraum bewegt werden, bedarf dies einer Genehmigung.<br>Dieser Genehmigung geht ein intensiver Kontakt mit einer Beh\u00f6rde voraus. In diesem Bereich bestehen acht Jahre beh\u00f6rdliche Erfahrung in der Musterzulassung, ebenso wie Erfahrung aus Erstfl\u00fcgen (siehe Luftfahrzeuge oben), Flugerprobung und Einfliegerei. Als theoretische Grundlage kann hier ein Studium der Luft- und Raumfahrt sowie der Theoriekurs in Testfliegerei angef\u00fchrt werden.<\/p>\n\n\n\n<p>Der Ablauf einer Flugerprobung ist je nach Erprobungsumfang verschieden. Handelt es sich um ein Luftfahrzeug, welches einem vorhandenen und erprobten Design nachgebaut wurde, so beschr\u00e4nkt sich die Erprobung im Wesentlichen auf die Verifikation der Bauausf\u00fchrung. Der zeitliche Umfang ist eher kurz.<\/p>\n\n\n\n<p>Handelt es sich hingegen um ein neues Design, welches sich noch nie in der Luft bewiesen hat, so sind bedeutend mehr Schritte in der Erprobung erforderlich. Hier wird eine komplexe Planung des Vorgehens erforderlich. Angefangen wird mit einem sehr eingesch\u00e4nkten Flugbetriebsbereich. Dieser wird erst nach erfolgreichen Versuchen und Auswertungen (und ggf. Bericht an die zust\u00e4ndige Beh\u00f6rde) erweitert. Es ist ein intensiver Kontakt zwischen Entwickler und Pilot gefragt. Beide m\u00fcssen einander verstehen, was nicht selbverst\u00e4ndlich ist.<\/p>\n\n\n\n<p>Sollten Sie also eine Erprobung planen, bei der Sie Hilfe brauchen, <a href=\"https:\/\/www.blu-avitec.de\/?page_id=35\">so nehmen Sie gern (rechtzeitig) Kontakt auf<\/a>. Vielleicht kann ich Sie dabei unterst\u00fctzen. Es w\u00fcrde mich freuen.<\/p>\n\n\n\n<div class=\"wp-block-uagb-separator uagb-block-73127bf7\"><div class=\"wp-block-uagb-separator__inner\" style=\"--my-background-image:\"><\/div><\/div>\n\n\n\n<h3 class=\"wp-block-heading\" id=\"Simulation\">Unterst\u00fctzung bei der Inbetriebnahme und beim Betrieb von Flugsimulation<\/h3>\n\n\n\n<div class=\"wp-block-uagb-container uagb-block-207bcd6f alignfull uagb-is-root-container\"><div class=\"uagb-container-inner-blocks-wrap\">\n<div class=\"wp-block-uagb-container uagb-block-e800cb92\">\n<figure class=\"wp-block-image size-full\"><img loading=\"lazy\" decoding=\"async\" width=\"533\" height=\"400\" src=\"https:\/\/www.blu-avitec.de\/wp-content\/uploads\/2023\/11\/IMG_5846_1-edited.jpg\" alt=\"Flugsimulator von innen\" class=\"wp-image-203\" srcset=\"https:\/\/www.blu-avitec.de\/wp-content\/uploads\/2023\/11\/IMG_5846_1-edited.jpg 533w, https:\/\/www.blu-avitec.de\/wp-content\/uploads\/2023\/11\/IMG_5846_1-edited-300x225.jpg 300w\" sizes=\"auto, (max-width: 533px) 100vw, 533px\" \/><\/figure>\n<\/div>\n\n\n\n<div class=\"wp-block-uagb-container uagb-block-03b80e18\">\n<figure class=\"wp-block-image size-full\"><img loading=\"lazy\" decoding=\"async\" width=\"600\" height=\"450\" src=\"https:\/\/www.blu-avitec.de\/wp-content\/uploads\/2023\/11\/f11856640jpg.0.jpg\" alt=\"Flug\u00fcbungsger\u00e4t FTD\" class=\"wp-image-188\" srcset=\"https:\/\/www.blu-avitec.de\/wp-content\/uploads\/2023\/11\/f11856640jpg.0.jpg 600w, https:\/\/www.blu-avitec.de\/wp-content\/uploads\/2023\/11\/f11856640jpg.0-300x225.jpg 300w\" sizes=\"auto, (max-width: 600px) 100vw, 600px\" \/><\/figure>\n<\/div>\n\n\n\n<div class=\"wp-block-uagb-container uagb-block-bf422842\">\n<figure class=\"wp-block-image size-full\"><img loading=\"lazy\" decoding=\"async\" width=\"600\" height=\"450\" src=\"https:\/\/www.blu-avitec.de\/wp-content\/uploads\/2023\/11\/f8699456.jpg\" alt=\"Full-Flight-Simulator\" class=\"wp-image-174\" srcset=\"https:\/\/www.blu-avitec.de\/wp-content\/uploads\/2023\/11\/f8699456.jpg 600w, https:\/\/www.blu-avitec.de\/wp-content\/uploads\/2023\/11\/f8699456-300x225.jpg 300w\" sizes=\"auto, (max-width: 600px) 100vw, 600px\" \/><\/figure>\n<\/div>\n<\/div><\/div>\n\n\n\n<p>Aus Kosten-, Gefahren- und Umweltschutzgr\u00fcnden wird Flugausbildung gern in ein synhetisches \u00dcbungsger\u00e4t FSTD verlagert. Auch kann man hier konzentrierter und ungest\u00f6rter Handlungen trainieren, f\u00fcr die man sonst viel Aufwand an An- und Abflug und ggf. St\u00f6rungen durch das Wetter und Flughafen\u00f6ffnungszeiten h\u00e4tte. Anrechenbares Training auf synthetischen \u00dcbungsger\u00e4ten bedingt eine Zulassung des Ger\u00e4ts. Diese Zulassung bedarf vieler technischer und organisatorischer Voraussetzungen. So muss ein geeignetes Datenmodell des simulierten Luftfahrzeuges vorliegen und der Betreiber in der Lage sein, im Rahmen der Erstzulassung seine Kompetenz am Ger\u00e4t zu demonstrieren. Er muss zeigen, dass er das Ger\u00e4t betreiben und die Qualit\u00e4t auf Dauer sicherstellen kann. <br><br>Diese F\u00e4higkeiten zum Betrieb eines \u00dcbungsger\u00e4tes werden nirgendwo gelehrt. Zum einen wird erwartet, Abweichungen im Flugdynamischen Modell des Ger\u00e4tes richtig werten und beheben zu k\u00f6nnen. Zum anderen m\u00fcssen die durchzuf\u00fchrenden Versuche auch im Rahmen der Abnahme ggf. manuell vorgeflogen werden k\u00f6nnen. Naturgem\u00e4\u00df kann nicht jeder Pilot\/Fluglehrer mit dem Satz &#8222;Demonstrieren Sie mir doch bitte mal die Dutch-Roll &#8230;&#8220; etwas anfangen.  In der Airline wird hier meist der Pilot angesprochen, der auch die Werkstattfl\u00fcge des Originalflugzeuges durchf\u00fchrt. <\/p>\n\n\n\n<p>In diesem Bereich sind gut sieben Jahre an internationaler Pr\u00fcf-Erfahrung mit Ger\u00e4ten von FNPT I bis FFS Level D, und Luftfahrzeugen von der DA20 bis zur 747-8 aus der Beh\u00f6rdent\u00e4tigkeit verf\u00fcgbar. T\u00e4tigkeiten, die sowohl die Rolle als technischer als auch als fliegerischer Inspektor beinhalten. Ferner sind hier mehr als acht Jahre Erfahrung in der Entwicklung und im Bau von Forschungs-Simulationsger\u00e4t (Hardware und Software) vorhanden. Last but not least ist hier auch die Erfahrung aus der Musterzulassung und Flugerprobung von gro\u00dfem Nutzen.<\/p>\n\n\n\n<p>Sollten Sie im Rahmen einer Erst- oder Wiederholungsabnahme Unterst\u00fctzung ben\u00f6tigen, so<a href=\"https:\/\/www.blu-avitec.de\/?page_id=35\"> nehmen Sie gern Kontakt auf<\/a>.<\/p>\n\n\n\n<p><\/p>\n","protected":false},"excerpt":{"rendered":"<p>Beispiel 1: Bei der Zulassung eines neuen Flug\u00fcbungsger\u00e4tes, z.B. eines FNPT sind QTG-Versuche (QTG = Quality Test Guide, f\u00fcr das Verhalten des Ger\u00e4ts charakteristische Versuche) darzulegen und diese reproduzierbar zu machen. Diese Versuche sind in jedem Folgejahr innerhalb einer gewissen Toleranz zu wiederholen um zu zeigen, dass das Flugverhalten des Ger\u00e4tes sich nicht wesentlich ver\u00e4ndert [&hellip;]<\/p>\n","protected":false},"author":1,"featured_media":0,"parent":0,"menu_order":0,"comment_status":"closed","ping_status":"closed","template":"","meta":{"_uag_custom_page_level_css":"","site-sidebar-layout":"default","site-content-layout":"","ast-site-content-layout":"default","site-content-style":"default","site-sidebar-style":"default","ast-global-header-display":"","ast-banner-title-visibility":"","ast-main-header-display":"","ast-hfb-above-header-display":"","ast-hfb-below-header-display":"","ast-hfb-mobile-header-display":"","site-post-title":"","ast-breadcrumbs-content":"","ast-featured-img":"","footer-sml-layout":"","ast-disable-related-posts":"","theme-transparent-header-meta":"","adv-header-id-meta":"","stick-header-meta":"","header-above-stick-meta":"","header-main-stick-meta":"","header-below-stick-meta":"","astra-migrate-meta-layouts":"default","ast-page-background-enabled":"default","ast-page-background-meta":{"desktop":{"background-color":"var(--ast-global-color-4)","background-image":"","background-repeat":"repeat","background-position":"center center","background-size":"auto","background-attachment":"scroll","background-type":"","background-media":"","overlay-type":"","overlay-color":"","overlay-opacity":"","overlay-gradient":""},"tablet":{"background-color":"","background-image":"","background-repeat":"repeat","background-position":"center center","background-size":"auto","background-attachment":"scroll","background-type":"","background-media":"","overlay-type":"","overlay-color":"","overlay-opacity":"","overlay-gradient":""},"mobile":{"background-color":"","background-image":"","background-repeat":"repeat","background-position":"center center","background-size":"auto","background-attachment":"scroll","background-type":"","background-media":"","overlay-type":"","overlay-color":"","overlay-opacity":"","overlay-gradient":""}},"ast-content-background-meta":{"desktop":{"background-color":"var(--ast-global-color-5)","background-image":"","background-repeat":"repeat","background-position":"center center","background-size":"auto","background-attachment":"scroll","background-type":"","background-media":"","overlay-type":"","overlay-color":"","overlay-opacity":"","overlay-gradient":""},"tablet":{"background-color":"var(--ast-global-color-5)","background-image":"","background-repeat":"repeat","background-position":"center center","background-size":"auto","background-attachment":"scroll","background-type":"","background-media":"","overlay-type":"","overlay-color":"","overlay-opacity":"","overlay-gradient":""},"mobile":{"background-color":"var(--ast-global-color-5)","background-image":"","background-repeat":"repeat","background-position":"center center","background-size":"auto","background-attachment":"scroll","background-type":"","background-media":"","overlay-type":"","overlay-color":"","overlay-opacity":"","overlay-gradient":""}},"footnotes":""},"class_list":["post-31","page","type-page","status-publish","hentry"],"uagb_featured_image_src":{"full":false,"thumbnail":false,"medium":false,"medium_large":false,"large":false,"1536x1536":false,"2048x2048":false},"uagb_author_info":{"display_name":"Dipl.-Ing. Ronald Blume","author_link":"https:\/\/www.blu-avitec.de\/?author=1"},"uagb_comment_info":0,"uagb_excerpt":"Beispiel 1: Bei der Zulassung eines neuen Flug\u00fcbungsger\u00e4tes, z.B. eines FNPT sind QTG-Versuche (QTG = Quality Test Guide, f\u00fcr das Verhalten des Ger\u00e4ts charakteristische Versuche) darzulegen und diese reproduzierbar zu machen. Diese Versuche sind in jedem Folgejahr innerhalb einer gewissen Toleranz zu wiederholen um zu zeigen, dass das Flugverhalten des Ger\u00e4tes sich nicht wesentlich ver\u00e4ndert&hellip;","_links":{"self":[{"href":"https:\/\/www.blu-avitec.de\/index.php?rest_route=\/wp\/v2\/pages\/31","targetHints":{"allow":["GET"]}}],"collection":[{"href":"https:\/\/www.blu-avitec.de\/index.php?rest_route=\/wp\/v2\/pages"}],"about":[{"href":"https:\/\/www.blu-avitec.de\/index.php?rest_route=\/wp\/v2\/types\/page"}],"author":[{"embeddable":true,"href":"https:\/\/www.blu-avitec.de\/index.php?rest_route=\/wp\/v2\/users\/1"}],"replies":[{"embeddable":true,"href":"https:\/\/www.blu-avitec.de\/index.php?rest_route=%2Fwp%2Fv2%2Fcomments&post=31"}],"version-history":[{"count":22,"href":"https:\/\/www.blu-avitec.de\/index.php?rest_route=\/wp\/v2\/pages\/31\/revisions"}],"predecessor-version":[{"id":387,"href":"https:\/\/www.blu-avitec.de\/index.php?rest_route=\/wp\/v2\/pages\/31\/revisions\/387"}],"wp:attachment":[{"href":"https:\/\/www.blu-avitec.de\/index.php?rest_route=%2Fwp%2Fv2%2Fmedia&parent=31"}],"curies":[{"name":"wp","href":"https:\/\/api.w.org\/{rel}","templated":true}]}}