{"id":326,"date":"2023-11-11T16:05:39","date_gmt":"2023-11-11T15:05:39","guid":{"rendered":"https:\/\/www.blu-avitec.de\/?page_id=326"},"modified":"2023-11-11T16:05:39","modified_gmt":"2023-11-11T15:05:39","slug":"anmerkungen-zum-thema-gendern","status":"publish","type":"page","link":"https:\/\/www.blu-avitec.de\/?page_id=326","title":{"rendered":"Anmerkungen zum Thema Gendern"},"content":{"rendered":"\n<p>Diese Seite verwendet zum Zweck der einfachen Darstellung und der verk\u00fcrzten Texte bei Worten wie z.B. Fluglehrer und Flugsch\u00fcler lediglich die m\u00e4nnliche Form. Das soll keinesfalls bedeuten, dass ich der Meinung bin, dass nur M\u00e4nner fliegen k\u00f6nnen oder sollen. Ich bin selbst stolzer Vater zweier T\u00f6chter und gl\u00fccklich verheiratet. Frauen und alle anderen Geschlechter k\u00f6nnen das alles mindestens genau so gut. Es kommt hier auf den Willen, die Vorbildung und das Talent des Menschen an.<br>Ich m\u00f6chte mit dieser Vereinfachung lediglich einen gut lesbaren Text erm\u00f6glichen und hoffe auf Ihr Verst\u00e4ndnis.<br>Ronald Blume  <\/p>\n","protected":false},"excerpt":{"rendered":"<p>Diese Seite verwendet zum Zweck der einfachen Darstellung und der verk\u00fcrzten Texte bei Worten wie z.B. Fluglehrer und Flugsch\u00fcler lediglich die m\u00e4nnliche Form. Das soll keinesfalls bedeuten, dass ich der Meinung bin, dass nur M\u00e4nner fliegen k\u00f6nnen oder sollen. Ich bin selbst stolzer Vater zweier T\u00f6chter und gl\u00fccklich verheiratet. Frauen und alle anderen Geschlechter k\u00f6nnen [&hellip;]<\/p>\n","protected":false},"author":1,"featured_media":0,"parent":0,"menu_order":0,"comment_status":"closed","ping_status":"closed","template":"","meta":{"_uag_custom_page_level_css":"","site-sidebar-layout":"default","site-content-layout":"","ast-site-content-layout":"default","site-content-style":"default","site-sidebar-style":"default","ast-global-header-display":"","ast-banner-title-visibility":"","ast-main-header-display":"","ast-hfb-above-header-display":"","ast-hfb-below-header-display":"","ast-hfb-mobile-header-display":"","site-post-title":"","ast-breadcrumbs-content":"","ast-featured-img":"","footer-sml-layout":"","ast-disable-related-posts":"","theme-transparent-header-meta":"","adv-header-id-meta":"","stick-header-meta":"","header-above-stick-meta":"","header-main-stick-meta":"","header-below-stick-meta":"","astra-migrate-meta-layouts":"default","ast-page-background-enabled":"default","ast-page-background-meta":{"desktop":{"background-color":"var(--ast-global-color-4)","background-image":"","background-repeat":"repeat","background-position":"center center","background-size":"auto","background-attachment":"scroll","background-type":"","background-media":"","overlay-type":"","overlay-color":"","overlay-opacity":"","overlay-gradient":""},"tablet":{"background-color":"","background-image":"","background-repeat":"repeat","background-position":"center center","background-size":"auto","background-attachment":"scroll","background-type":"","background-media":"","overlay-type":"","overlay-color":"","overlay-opacity":"","overlay-gradient":""},"mobile":{"background-color":"","background-image":"","background-repeat":"repeat","background-position":"center center","background-size":"auto","background-attachment":"scroll","background-type":"","background-media":"","overlay-type":"","overlay-color":"","overlay-opacity":"","overlay-gradient":""}},"ast-content-background-meta":{"desktop":{"background-color":"var(--ast-global-color-5)","background-image":"","background-repeat":"repeat","background-position":"center center","background-size":"auto","background-attachment":"scroll","background-type":"","background-media":"","overlay-type":"","overlay-color":"","overlay-opacity":"","overlay-gradient":""},"tablet":{"background-color":"var(--ast-global-color-5)","background-image":"","background-repeat":"repeat","background-position":"center center","background-size":"auto","background-attachment":"scroll","background-type":"","background-media":"","overlay-type":"","overlay-color":"","overlay-opacity":"","overlay-gradient":""},"mobile":{"background-color":"var(--ast-global-color-5)","background-image":"","background-repeat":"repeat","background-position":"center center","background-size":"auto","background-attachment":"scroll","background-type":"","background-media":"","overlay-type":"","overlay-color":"","overlay-opacity":"","overlay-gradient":""}},"footnotes":""},"class_list":["post-326","page","type-page","status-publish","hentry"],"uagb_featured_image_src":{"full":false,"thumbnail":false,"medium":false,"medium_large":false,"large":false,"1536x1536":false,"2048x2048":false},"uagb_author_info":{"display_name":"Dipl.-Ing. Ronald Blume","author_link":"https:\/\/www.blu-avitec.de\/?author=1"},"uagb_comment_info":0,"uagb_excerpt":"Diese Seite verwendet zum Zweck der einfachen Darstellung und der verk\u00fcrzten Texte bei Worten wie z.B. Fluglehrer und Flugsch\u00fcler lediglich die m\u00e4nnliche Form. Das soll keinesfalls bedeuten, dass ich der Meinung bin, dass nur M\u00e4nner fliegen k\u00f6nnen oder sollen. Ich bin selbst stolzer Vater zweier T\u00f6chter und gl\u00fccklich verheiratet. Frauen und alle anderen Geschlechter k\u00f6nnen&hellip;","_links":{"self":[{"href":"https:\/\/www.blu-avitec.de\/index.php?rest_route=\/wp\/v2\/pages\/326","targetHints":{"allow":["GET"]}}],"collection":[{"href":"https:\/\/www.blu-avitec.de\/index.php?rest_route=\/wp\/v2\/pages"}],"about":[{"href":"https:\/\/www.blu-avitec.de\/index.php?rest_route=\/wp\/v2\/types\/page"}],"author":[{"embeddable":true,"href":"https:\/\/www.blu-avitec.de\/index.php?rest_route=\/wp\/v2\/users\/1"}],"replies":[{"embeddable":true,"href":"https:\/\/www.blu-avitec.de\/index.php?rest_route=%2Fwp%2Fv2%2Fcomments&post=326"}],"version-history":[{"count":1,"href":"https:\/\/www.blu-avitec.de\/index.php?rest_route=\/wp\/v2\/pages\/326\/revisions"}],"predecessor-version":[{"id":327,"href":"https:\/\/www.blu-avitec.de\/index.php?rest_route=\/wp\/v2\/pages\/326\/revisions\/327"}],"wp:attachment":[{"href":"https:\/\/www.blu-avitec.de\/index.php?rest_route=%2Fwp%2Fv2%2Fmedia&parent=326"}],"curies":[{"name":"wp","href":"https:\/\/api.w.org\/{rel}","templated":true}]}}