{"id":37,"date":"2023-09-09T21:58:14","date_gmt":"2023-09-09T19:58:14","guid":{"rendered":"https:\/\/www.blu-avitec.de\/?page_id=37"},"modified":"2026-01-06T12:16:50","modified_gmt":"2026-01-06T11:16:50","slug":"impressum","status":"publish","type":"page","link":"https:\/\/www.blu-avitec.de\/?page_id=37","title":{"rendered":"Impressum"},"content":{"rendered":"\n<div class=\"wp-block-uagb-container uagb-block-1cfdc6a6 alignfull uagb-is-root-container\"><div class=\"uagb-container-inner-blocks-wrap\">\n<p><\/p>\n\n\n\n<p>Angaben gem\u00e4\u00df \u00a7 5 TMG:<br><br>Blu-AviTec (Ingenieurb\u00fcro, freiberuflich)<br>Luftfahrt- und Ingenieurb\u00fcro<br>Hinterm Dorfe 1<br>38528 Adenb\u00fcttel<br><br>Vertreten durch :<br>Dipl.-Ing. Ronald Blume<br>Kontakt:<br>Telefon: 05304 \/ 5009311<br>Mobil: 0163\/4206751<br>info@blu-avitec.de<br>www.blu-avitec.de<br><br>Umsatzsteuer-ID \/ Wirtschafts-ID: DE364230829<br>Registereintrag:<br>Eintragung im Handelsregister \u2013 derzeit nicht erforderlich<br><br>Registergericht: Amtsgericht \u2013 derzeit nicht erforderlich, <br>Registernummer: \u2013 derzeit nicht erforderlich<br><br>Haftung f\u00fcr Inhalte<br><br>Als Dienstleistungs- und Internetseitenanbieter sind wir gem\u00e4\u00df \u00a7 7 Abs.1 TMG f\u00fcr eigene Inhalte auf diesen Seiten<br>nach den allgemeinen Gesetzen verantwortlich. Nach \u00a7\u00a7 8 bis 10 TMG sind wir jedoch nicht verpflichtet \u00fcbermittelte<br>oder gespeicherte fremde Inhalte zu \u00fcberwachen oder nach Umst\u00e4nden zu forschen, die auf eine rechtswidrige<br>T\u00e4tigkeit hinweisen.Verpflichtungen zum Entfernen oder Sperren der Nutzung von Informationen nach den<br>allgemeinen Gesetzen bleiben hiervon unber\u00fchrt. Eine diesbez\u00fcgliche Haftung ist jedoch fr\u00fchestens ab dem<br>Zeitpunkt der Kenntnis von konkreten Rechtsverletzungen m\u00f6glich. Bei Bekanntwerden von entsprechenden<br>Rechtsverletzungen werden wir diese Inhalte umgehend entfernen.<br><br>Haftung f\u00fcr Links<br><br>Unser Angebot enth\u00e4lt Links zu externen Websites Dritter, auf deren Inhalte wir keinen Einfluss haben. Deshalb<br>k\u00f6nnen wir f\u00fcr diese fremden Inhalte auch keine Gew\u00e4hr \u00fcbernehmen. F\u00fcr die Inhalte der verlinkten Seiten ist stets<br>der jeweilige Anbieter oder Betreiber der Seiten verantwortlich.<br><br>Die verlinkten Seiten wurden zum Zeitpunkt der Verlinkung auf m\u00f6gliche Rechtsverst\u00f6\u00dfe \u00fcberpr\u00fcft. Rechtswidrige<br>Inhalte waren zum Zeitpunkt der Verlinkung nicht erkennbar.Eine permanente inhaltliche Kontrolle der verlinkten<br>Seiten ist jedoch ohne konkrete Anhaltspunkte einer Rechtsverletzung nicht zumutbar. Bei Bekanntwerden von<br>Rechtsverletzungen werden wir derartige Links umgehend entfernen.<br><br>Urheberrecht<br><br>Die durch die Seitenbetreiber erstellten Inhalte und Werke auf diesen Seiten unterliegen dem deutschen<br>Urheberrecht. Die Vervielf\u00e4ltigung, Bearbeitung, Verbreitung und jede Art der Verwertung au\u00dferhalb der Grenzen des<br>Urheberrechtes bed\u00fcrfen der schriftlichen Zustimmung des Autors bzw. Erstellers. Downloads und Kopien dieser Seite<br>sind nur f\u00fcr den privaten, nicht kommerziellen Gebrauch gestattet. Soweit die Inhalte auf dieser Seite nicht vom<br>Betreiber erstellt wurden, werden die Urheberrechte Dritter beachtet. Insbesondere werden Inhalte Dritter als solche<br>gekennzeichnet. Sollten Sie trotzdem auf eine Urheberrechtsverletzung aufmerksam werden, bitten wir um einen<br>entsprechenden Hinweis. Bei Bekanntwerden von Rechtsverletzungen werden wir derartige Inhalte umgehend<br>entfernen.<br><br>Inhaltlich verantwortlich:<br><br>Ronald Blume (Anschrift wie oben bzw. unten)<\/p>\n<\/div><\/div>\n","protected":false},"excerpt":{"rendered":"<p>Angaben gem\u00e4\u00df \u00a7 5 TMG: Blu-AviTec (Ingenieurb\u00fcro, freiberuflich)Luftfahrt- und Ingenieurb\u00fcroHinterm Dorfe 138528 Adenb\u00fcttel Vertreten durch :Dipl.-Ing. Ronald BlumeKontakt:Telefon: 05304 \/ 5009311Mobil: 0163\/4206751info@blu-avitec.dewww.blu-avitec.de Umsatzsteuer-ID \/ Wirtschafts-ID: DE364230829Registereintrag:Eintragung im Handelsregister \u2013 derzeit nicht erforderlich Registergericht: Amtsgericht \u2013 derzeit nicht erforderlich, Registernummer: \u2013 derzeit nicht erforderlich Haftung f\u00fcr Inhalte Als Dienstleistungs- und Internetseitenanbieter sind wir gem\u00e4\u00df \u00a7 7 [&hellip;]<\/p>\n","protected":false},"author":1,"featured_media":0,"parent":0,"menu_order":0,"comment_status":"closed","ping_status":"closed","template":"","meta":{"_uag_custom_page_level_css":"","site-sidebar-layout":"default","site-content-layout":"","ast-site-content-layout":"default","site-content-style":"default","site-sidebar-style":"default","ast-global-header-display":"","ast-banner-title-visibility":"","ast-main-header-display":"","ast-hfb-above-header-display":"","ast-hfb-below-header-display":"","ast-hfb-mobile-header-display":"","site-post-title":"","ast-breadcrumbs-content":"","ast-featured-img":"","footer-sml-layout":"","ast-disable-related-posts":"","theme-transparent-header-meta":"","adv-header-id-meta":"","stick-header-meta":"","header-above-stick-meta":"","header-main-stick-meta":"","header-below-stick-meta":"","astra-migrate-meta-layouts":"default","ast-page-background-enabled":"default","ast-page-background-meta":{"desktop":{"background-color":"var(--ast-global-color-4)","background-image":"","background-repeat":"repeat","background-position":"center center","background-size":"auto","background-attachment":"scroll","background-type":"","background-media":"","overlay-type":"","overlay-color":"","overlay-opacity":"","overlay-gradient":""},"tablet":{"background-color":"","background-image":"","background-repeat":"repeat","background-position":"center center","background-size":"auto","background-attachment":"scroll","background-type":"","background-media":"","overlay-type":"","overlay-color":"","overlay-opacity":"","overlay-gradient":""},"mobile":{"background-color":"","background-image":"","background-repeat":"repeat","background-position":"center center","background-size":"auto","background-attachment":"scroll","background-type":"","background-media":"","overlay-type":"","overlay-color":"","overlay-opacity":"","overlay-gradient":""}},"ast-content-background-meta":{"desktop":{"background-color":"var(--ast-global-color-5)","background-image":"","background-repeat":"repeat","background-position":"center center","background-size":"auto","background-attachment":"scroll","background-type":"","background-media":"","overlay-type":"","overlay-color":"","overlay-opacity":"","overlay-gradient":""},"tablet":{"background-color":"var(--ast-global-color-5)","background-image":"","background-repeat":"repeat","background-position":"center center","background-size":"auto","background-attachment":"scroll","background-type":"","background-media":"","overlay-type":"","overlay-color":"","overlay-opacity":"","overlay-gradient":""},"mobile":{"background-color":"var(--ast-global-color-5)","background-image":"","background-repeat":"repeat","background-position":"center center","background-size":"auto","background-attachment":"scroll","background-type":"","background-media":"","overlay-type":"","overlay-color":"","overlay-opacity":"","overlay-gradient":""}},"footnotes":""},"class_list":["post-37","page","type-page","status-publish","hentry"],"uagb_featured_image_src":{"full":false,"thumbnail":false,"medium":false,"medium_large":false,"large":false,"1536x1536":false,"2048x2048":false},"uagb_author_info":{"display_name":"Dipl.-Ing. Ronald Blume","author_link":"https:\/\/www.blu-avitec.de\/?author=1"},"uagb_comment_info":0,"uagb_excerpt":"Angaben gem\u00e4\u00df \u00a7 5 TMG: Blu-AviTec (Ingenieurb\u00fcro, freiberuflich)Luftfahrt- und Ingenieurb\u00fcroHinterm Dorfe 138528 Adenb\u00fcttel Vertreten durch :Dipl.-Ing. Ronald BlumeKontakt:Telefon: 05304 \/ 5009311Mobil: 0163\/4206751info@blu-avitec.dewww.blu-avitec.de Umsatzsteuer-ID \/ Wirtschafts-ID: DE364230829Registereintrag:Eintragung im Handelsregister \u2013 derzeit nicht erforderlich Registergericht: Amtsgericht \u2013 derzeit nicht erforderlich, Registernummer: \u2013 derzeit nicht erforderlich Haftung f\u00fcr Inhalte Als Dienstleistungs- und Internetseitenanbieter sind wir gem\u00e4\u00df \u00a7 7&hellip;","_links":{"self":[{"href":"https:\/\/www.blu-avitec.de\/index.php?rest_route=\/wp\/v2\/pages\/37","targetHints":{"allow":["GET"]}}],"collection":[{"href":"https:\/\/www.blu-avitec.de\/index.php?rest_route=\/wp\/v2\/pages"}],"about":[{"href":"https:\/\/www.blu-avitec.de\/index.php?rest_route=\/wp\/v2\/types\/page"}],"author":[{"embeddable":true,"href":"https:\/\/www.blu-avitec.de\/index.php?rest_route=\/wp\/v2\/users\/1"}],"replies":[{"embeddable":true,"href":"https:\/\/www.blu-avitec.de\/index.php?rest_route=%2Fwp%2Fv2%2Fcomments&post=37"}],"version-history":[{"count":7,"href":"https:\/\/www.blu-avitec.de\/index.php?rest_route=\/wp\/v2\/pages\/37\/revisions"}],"predecessor-version":[{"id":392,"href":"https:\/\/www.blu-avitec.de\/index.php?rest_route=\/wp\/v2\/pages\/37\/revisions\/392"}],"wp:attachment":[{"href":"https:\/\/www.blu-avitec.de\/index.php?rest_route=%2Fwp%2Fv2%2Fmedia&parent=37"}],"curies":[{"name":"wp","href":"https:\/\/api.w.org\/{rel}","templated":true}]}}